{"id":81,"date":"2025-02-19T18:27:23","date_gmt":"2025-02-19T18:27:23","guid":{"rendered":"https:\/\/picobellopro.com\/?page_id=81"},"modified":"2025-02-19T18:27:25","modified_gmt":"2025-02-19T18:27:25","slug":"datenschutzerklaerung","status":"publish","type":"page","link":"https:\/\/picobellopro.com\/?page_id=81","title":{"rendered":"Datenschutzerkl\u00e4rung"},"content":{"rendered":"\n<p>In folgender Datenschutzerkl\u00e4rung informieren wir Sie \u00fcber die wichtigsten Aspekte der Datenverarbeitung im Rahmen unserer Webseite. Wir erheben und verarbeiten personenbezogene Daten nur auf Grundlage der gesetzlichen Bestimmungen (Datenschutzgrundverordnung, Telekommunikationsgesetz 2003).<\/p>\n\n\n\n<p>Sobald Sie als Benutzer auf unsere Webseite zugreifen oder diese besuchen wird Ihre IP-Adresse, Beginn sowie Beginn und Ende der Sitzung erfasst. Dies ist technisch bedingt und stellt somit ein berechtigtes Interesse iSv Art 6 Abs 1 lit f DSGVO.<\/p>\n\n\n\n<h5 class=\"wp-block-heading\">Kontakt mit uns<\/h5>\n\n\n\n<p>Wenn Sie uns, entweder \u00fcber unser Kontaktformular auf unserer Webseite, oder per Email kontaktieren, dann werden die von Ihnen an uns \u00fcbermittelten Daten zwecks Bearbeitung Ihrer Anfrage oder f\u00fcr den Fall von weiteren Anschlussfragen f\u00fcr sechs Monate bei uns gespeichert. Es erfolgt, ohne Ihre Einwilligung, keine Weitergabe Ihrer \u00fcbermittelten Daten.<\/p>\n\n\n\n<h5 class=\"wp-block-heading\">Google Maps<\/h5>\n\n\n\n<p>Unsere Website verwendet Funktionen des Webkartendienstes \u201eGoogle Maps\u201c. Der Dienstanbieter dieser Funktion ist:<\/p>\n\n\n\n<ul class=\"wp-block-list\">\n<li>Google Ireland Limited Gordon House, Barrow Street Dublin 4. Ireland. Tel: +353 1 543 1000<\/li>\n<\/ul>\n\n\n\n<p>Im Zuge der Nutzung von Google Maps ist es notwendig Ihre IP-Adresse zu speichern und zu verarbeiten. Google \u00fcbertr\u00e4gt in der Regel an einen Server in den USA und speichert die Daten dort. Die Verarbeitung geschieht durch den Diensteanbieter (oben genannt), der Betreiber dieser Homepage hat keinen Einfluss auf die \u00dcbertragung der Daten.<\/p>\n\n\n\n<p>Die Datenverarbeitung erfolgt auf Basis der gesetzlichen Bestimmungen des \u00a7 96 Abs 3 TKG sowie des Art 6 Abs 1 lit f (berechtigtes Interesse) der DSGVO. Die Nutzung von Google Maps erh\u00f6ht die Auffindbarkeit der Orte, welche auf unserer Webseite bereitgestellt werden.<\/p>\n\n\n\n<p>Weitere Informationen \u00fcber den Umgang mit Nutzerdaten des Diensteanbieters \u201eGoogle\u201c k\u00f6nnen Sie der Datenschutzerkl\u00e4rung entnehmen:<\/p>\n\n\n\n<p><a href=\"https:\/\/policies.google.com\/privacy?hl=de\">https:\/\/policies.google.com\/privacy?hl=de&nbsp;<\/a>.<\/p>\n\n\n\n<p>Google verarbeitet die Daten auch in den USA, hat sich jedoch dem<br>EU-US Privacy-Shield unterworfen.<\/p>\n\n\n\n<figure class=\"wp-block-embed\"><div class=\"wp-block-embed__wrapper\">\nhttps:\/\/www.privacyshield.gov\/EU-US-Framework\n<\/div><\/figure>\n\n\n\n<h5 class=\"wp-block-heading\">Ihre Rechte als Betroffener<\/h5>\n\n\n\n<p>Sie als Betroffener haben bez\u00fcglich Ihrer Daten, welche bei uns gespeichert sind grunds\u00e4tzlich ein Recht auf:<\/p>\n\n\n\n<ul class=\"wp-block-list\">\n<li>Auskunft<\/li>\n\n\n\n<li>L\u00f6schung der Daten<\/li>\n\n\n\n<li>Berichtigung der Daten<\/li>\n\n\n\n<li>\u00dcbertragbarkeit der Daten<\/li>\n\n\n\n<li>Wiederruf und Widerspruch zur Datenverarbeitung<\/li>\n\n\n\n<li>Einschr\u00e4nkung<\/li>\n<\/ul>\n\n\n\n<p>Wenn sie vermuten, dass im Zuge der Verarbeitung Ihrer Daten Verst\u00f6\u00dfe gegen das Datenschutzrecht passiert sind, so haben Sie die M\u00f6glichkeit sich bei uns (Info@picobellopro.com) oder der Datenschutzbeh\u00f6rde zu beschweren.<\/p>\n\n\n\n<h5 class=\"wp-block-heading\">Sie erreichen uns unter folgenden Kontaktdaten:<\/h5>\n\n\n\n<p><strong>Webseitenbetreiber:<\/strong>&nbsp;Nezar Zrik<br><strong>Telefonnummer:<\/strong>&nbsp;06767606509<br><strong>Email:<\/strong>&nbsp;Info@picobellopro.com<\/p>\n\n\n\n<p>Quelle:&nbsp;<strong><a href=\"https:\/\/www.fairesrecht.at\/kostenlos-datenschutzerklaerung-erstellen-generator.php\">Datenschutzgenerator \u00d6sterreich DSGVO<\/a><\/strong><\/p>\n","protected":false},"excerpt":{"rendered":"<p>In folgender Datenschutzerkl\u00e4rung informieren wir Sie \u00fcber die wichtigsten Aspekte der Datenverarbeitung im Rahmen unserer Webseite. Wir erheben und verarbeiten personenbezogene Daten nur auf Grundlage der gesetzlichen Bestimmungen (Datenschutzgrundverordnung, Telekommunikationsgesetz 2003). Sobald Sie als Benutzer auf unsere Webseite zugreifen oder diese besuchen wird Ihre IP-Adresse, Beginn sowie Beginn und Ende der Sitzung erfasst. Dies ist [&hellip;]<\/p>\n","protected":false},"author":1,"featured_media":0,"parent":0,"menu_order":0,"comment_status":"closed","ping_status":"closed","template":"","meta":{"_monsterinsights_skip_tracking":false,"_monsterinsights_sitenote_active":false,"_monsterinsights_sitenote_note":"","_monsterinsights_sitenote_category":0,"footnotes":""},"class_list":["post-81","page","type-page","status-publish","hentry"],"aioseo_notices":[],"brizy_media":[],"_links":{"self":[{"href":"https:\/\/picobellopro.com\/index.php?rest_route=\/wp\/v2\/pages\/81","targetHints":{"allow":["GET"]}}],"collection":[{"href":"https:\/\/picobellopro.com\/index.php?rest_route=\/wp\/v2\/pages"}],"about":[{"href":"https:\/\/picobellopro.com\/index.php?rest_route=\/wp\/v2\/types\/page"}],"author":[{"embeddable":true,"href":"https:\/\/picobellopro.com\/index.php?rest_route=\/wp\/v2\/users\/1"}],"replies":[{"embeddable":true,"href":"https:\/\/picobellopro.com\/index.php?rest_route=%2Fwp%2Fv2%2Fcomments&post=81"}],"version-history":[{"count":1,"href":"https:\/\/picobellopro.com\/index.php?rest_route=\/wp\/v2\/pages\/81\/revisions"}],"predecessor-version":[{"id":89,"href":"https:\/\/picobellopro.com\/index.php?rest_route=\/wp\/v2\/pages\/81\/revisions\/89"}],"wp:attachment":[{"href":"https:\/\/picobellopro.com\/index.php?rest_route=%2Fwp%2Fv2%2Fmedia&parent=81"}],"curies":[{"name":"wp","href":"https:\/\/api.w.org\/{rel}","templated":true}]}}