{"id":43,"date":"2023-12-10T00:06:01","date_gmt":"2023-12-10T00:06:01","guid":{"rendered":"https:\/\/picobellopro.com\/?page_id=43"},"modified":"2023-12-10T00:06:01","modified_gmt":"2023-12-10T00:06:01","slug":"haus-und-wohnungsreinigung","status":"publish","type":"page","link":"https:\/\/picobellopro.com\/?page_id=43","title":{"rendered":"Haus und Wohnungsreinigung"},"content":{"rendered":"\n<p>G\u00f6nnen Sie sich eine wohlverdiente Auszeit bei Ihrer Familie und Ihren Freunden,<br><br>w\u00e4hrend wir f\u00fcr Sie aufr\u00e4umen.<br><br>Ob Ihnen die Zeit f\u00fcrs Putzen fehlt oder Sie diese lieber in Ihre eigenen Projekte<br><br>oder gemeinsame Momente mit Ihren Lieben investieren<br><br>m\u00f6chten \u2013 bei und sind Sie an der richtigen Adresse.<br><br>Unsere Dienstleistungen sind schnell und zu fairen Preisen verf\u00fcgbar.<br><br>Sie sind auf individuelle Reinigungspl\u00e4ne abgestimmt und zeichnen<br><br>sich durch h\u00f6chste Qualit\u00e4t aus.<br><br><br><\/p>\n\n\n\n<p>Unsere Leistungen umfassen :<\/p>\n\n\n\n<ul class=\"wp-block-list\">\n<li>Kehren und Wischen der B\u00f6den .<\/li>\n\n\n\n<li>Staubsaugen von Teppichen und B\u00f6den .<\/li>\n\n\n\n<li>Reinigen von T\u00fcrgriffen und vielem mehr .<\/li>\n\n\n\n<li>Entfernen von Staub von Fenstern und Kanten .<\/li>\n\n\n\n<li>Komplette Reinigung der K\u00fcche und des Waschraums .<\/li>\n\n\n\n<li>Reinigung von Badezimmern und Eingangsbereichen .<\/li>\n<\/ul>\n","protected":false},"excerpt":{"rendered":"<p>G\u00f6nnen Sie sich eine wohlverdiente Auszeit bei Ihrer Familie und Ihren Freunden, w\u00e4hrend wir f\u00fcr Sie aufr\u00e4umen. Ob Ihnen die Zeit f\u00fcrs Putzen fehlt oder Sie diese lieber in Ihre eigenen Projekte oder gemeinsame Momente mit Ihren Lieben investieren m\u00f6chten \u2013 bei und sind Sie an der richtigen Adresse. Unsere Dienstleistungen sind schnell und zu [&hellip;]<\/p>\n","protected":false},"author":1,"featured_media":44,"parent":0,"menu_order":0,"comment_status":"closed","ping_status":"closed","template":"","meta":{"_monsterinsights_skip_tracking":false,"_monsterinsights_sitenote_active":false,"_monsterinsights_sitenote_note":"","_monsterinsights_sitenote_category":0,"footnotes":""},"class_list":["post-43","page","type-page","status-publish","has-post-thumbnail","hentry"],"aioseo_notices":[],"brizy_media":[],"_links":{"self":[{"href":"https:\/\/picobellopro.com\/index.php?rest_route=\/wp\/v2\/pages\/43","targetHints":{"allow":["GET"]}}],"collection":[{"href":"https:\/\/picobellopro.com\/index.php?rest_route=\/wp\/v2\/pages"}],"about":[{"href":"https:\/\/picobellopro.com\/index.php?rest_route=\/wp\/v2\/types\/page"}],"author":[{"embeddable":true,"href":"https:\/\/picobellopro.com\/index.php?rest_route=\/wp\/v2\/users\/1"}],"replies":[{"embeddable":true,"href":"https:\/\/picobellopro.com\/index.php?rest_route=%2Fwp%2Fv2%2Fcomments&post=43"}],"version-history":[{"count":1,"href":"https:\/\/picobellopro.com\/index.php?rest_route=\/wp\/v2\/pages\/43\/revisions"}],"predecessor-version":[{"id":45,"href":"https:\/\/picobellopro.com\/index.php?rest_route=\/wp\/v2\/pages\/43\/revisions\/45"}],"wp:featuredmedia":[{"embeddable":true,"href":"https:\/\/picobellopro.com\/index.php?rest_route=\/wp\/v2\/media\/44"}],"wp:attachment":[{"href":"https:\/\/picobellopro.com\/index.php?rest_route=%2Fwp%2Fv2%2Fmedia&parent=43"}],"curies":[{"name":"wp","href":"https:\/\/api.w.org\/{rel}","templated":true}]}}